{"id":1023,"date":"2025-05-05T15:25:32","date_gmt":"2025-05-05T15:25:32","guid":{"rendered":"https:\/\/biomagnetismoficial.com\/bioword\/?page_id=1023"},"modified":"2025-05-05T15:48:37","modified_gmt":"2025-05-05T15:48:37","slug":"cursos","status":"publish","type":"page","link":"https:\/\/biomagnetismoficial.com\/bioword\/cursos\/","title":{"rendered":"Cursos"},"content":{"rendered":"\t\t<div data-elementor-type=\"wp-page\" data-elementor-id=\"1023\" class=\"elementor elementor-1023\">\n\t\t\t\t\t\t<section class=\"elementor-section elementor-top-section elementor-element elementor-element-6f6714f0 elementor-section-boxed elementor-section-height-default elementor-section-height-default\" data-id=\"6f6714f0\" data-element_type=\"section\" data-e-type=\"section\">\n\t\t\t\t\t\t<div class=\"elementor-container elementor-column-gap-default\">\n\t\t\t\t\t<div class=\"elementor-column elementor-col-100 elementor-top-column elementor-element elementor-element-1f59ca2b\" data-id=\"1f59ca2b\" data-element_type=\"column\" data-e-type=\"column\">\n\t\t\t<div class=\"elementor-widget-wrap elementor-element-populated\">\n\t\t\t\t\t\t<div class=\"elementor-element elementor-element-fc04c05 elementor-widget elementor-widget-heading\" data-id=\"fc04c05\" data-element_type=\"widget\" data-e-type=\"widget\" data-widget_type=\"heading.default\">\n\t\t\t\t<div class=\"elementor-widget-container\">\n\t\t\t\t\t<h2 class=\"elementor-heading-title elementor-size-default\">\u00bfCu\u00e1nto cobro por una sesi\u00f3n?<\/h2>\t\t\t\t<\/div>\n\t\t\t\t<\/div>\n\t\t\t\t<div class=\"elementor-element elementor-element-eb3283a elementor-widget elementor-widget-heading\" data-id=\"eb3283a\" data-element_type=\"widget\" data-e-type=\"widget\" data-widget_type=\"heading.default\">\n\t\t\t\t<div class=\"elementor-widget-container\">\n\t\t\t\t\t<h2 class=\"elementor-heading-title elementor-size-default\"><br><div><h2 data-elementor-setting-key=\"title\" data-pen-placeholder=\"Teclea aqu\u00ed...\" style=\"font-family: Roboto, sans-serif;font-size: 29px;font-style: normal;font-weight: 600;text-align: center\">La pregunta del mill\u00f3n\u2026 \u00a1y una de las m\u00e1s comunes en mis clases!<span style=\"font-family: Roboto, sans-serif;font-size: 15px;font-weight: 600\"><\/span><\/h2><\/div><\/h2>\t\t\t\t<\/div>\n\t\t\t\t<\/div>\n\t\t\t\t<div class=\"elementor-element elementor-element-9181e5d elementor-widget elementor-widget-video\" data-id=\"9181e5d\" data-element_type=\"widget\" data-e-type=\"widget\" data-settings=\"{&quot;video_type&quot;:&quot;hosted&quot;,&quot;controls&quot;:&quot;yes&quot;}\" data-widget_type=\"video.default\">\n\t\t\t\t<div class=\"elementor-widget-container\">\n\t\t\t\t\t\t\t<div class=\"e-hosted-video elementor-wrapper elementor-open-inline\">\n\t\t\t\t\t<video class=\"elementor-video\" src=\"http:\/\/biomagnetismoficial.com\/bioword\/wp-content\/uploads\/2025\/05\/WhatsApp-Video-2025-04-30-at-21.03.40.mp4\" controls=\"\" preload=\"metadata\" controlsList=\"nodownload\"><\/video>\n\t\t\t\t<\/div>\n\t\t\t\t\t\t<\/div>\n\t\t\t\t<\/div>\n\t\t\t\t<div class=\"elementor-element elementor-element-06ea625 elementor-widget elementor-widget-text-editor\" data-id=\"06ea625\" data-element_type=\"widget\" data-e-type=\"widget\" data-widget_type=\"text-editor.default\">\n\t\t\t\t<div class=\"elementor-widget-container\">\n\t\t\t\t\t\t\t\t\t<p>En este video no solo te doy una orientaci\u00f3n clara y pr\u00e1ctica, sino que tambi\u00e9n te comparto c\u00f3mo pensar tu trabajo con respeto, amor\u2026 \u00a1y con una sonrisa! Porque aprender biomagnetismo no tiene por qu\u00e9 ser dif\u00edcil ni aburrido. En mis cursos te ense\u00f1o con claridad, humor y desde el coraz\u00f3n. No repetimos como loros: entendemos, sentimos y aplicamos. Si sent\u00eds que este mundo te llama, est\u00e1s en el lugar correcto. Las inscripciones est\u00e1n abiertas y los cupos son limitados.\u00a0<\/p>\t\t\t\t\t\t\t\t<\/div>\n\t\t\t\t<\/div>\n\t\t\t\t<div class=\"elementor-element elementor-element-34b0930 elementor-widget elementor-widget-heading\" data-id=\"34b0930\" data-element_type=\"widget\" data-e-type=\"widget\" data-widget_type=\"heading.default\">\n\t\t\t\t<div class=\"elementor-widget-container\">\n\t\t\t\t\t<h2 class=\"elementor-heading-title elementor-size-default\"><b>\u00a1TE SUMAS?<\/b><\/h2>\t\t\t\t<\/div>\n\t\t\t\t<\/div>\n\t\t\t\t<div class=\"elementor-element elementor-element-d6004d5 elementor-widget-divider--view-line elementor-widget elementor-widget-divider\" data-id=\"d6004d5\" data-element_type=\"widget\" data-e-type=\"widget\" data-widget_type=\"divider.default\">\n\t\t\t\t<div class=\"elementor-widget-container\">\n\t\t\t\t\t\t\t<div class=\"elementor-divider\">\n\t\t\t<span class=\"elementor-divider-separator\">\n\t\t\t\t\t\t<\/span>\n\t\t<\/div>\n\t\t\t\t\t\t<\/div>\n\t\t\t\t<\/div>\n\t\t\t\t<div class=\"elementor-element elementor-element-0911c8f elementor-widget elementor-widget-heading\" data-id=\"0911c8f\" data-element_type=\"widget\" data-e-type=\"widget\" data-widget_type=\"heading.default\">\n\t\t\t\t<div class=\"elementor-widget-container\">\n\t\t\t\t\t<h2 class=\"elementor-heading-title elementor-size-default\">\u00bf Te imaginas  a tu hijo aprendiendo a cuidar su salud con solo imanes en sus manos ?<\/h2>\t\t\t\t<\/div>\n\t\t\t\t<\/div>\n\t\t\t\t<div class=\"elementor-element elementor-element-3e68406 elementor-widget elementor-widget-video\" data-id=\"3e68406\" data-element_type=\"widget\" data-e-type=\"widget\" data-settings=\"{&quot;video_type&quot;:&quot;hosted&quot;,&quot;controls&quot;:&quot;yes&quot;}\" data-widget_type=\"video.default\">\n\t\t\t\t<div class=\"elementor-widget-container\">\n\t\t\t\t\t\t\t<div class=\"e-hosted-video elementor-wrapper elementor-open-inline\">\n\t\t\t\t\t<video class=\"elementor-video\" src=\"http:\/\/biomagnetismoficial.com\/bioword\/wp-content\/uploads\/2025\/05\/WhatsApp-Video-2025-04-30-at-21.03.40.mp4\" controls=\"\" preload=\"metadata\" controlsList=\"nodownload\"><\/video>\n\t\t\t\t<\/div>\n\t\t\t\t\t\t<\/div>\n\t\t\t\t<\/div>\n\t\t\t\t\t<\/div>\n\t\t<\/div>\n\t\t\t\t\t<\/div>\n\t\t<\/section>\n\t\t\t\t<section class=\"elementor-section elementor-top-section elementor-element elementor-element-d203f93 elementor-section-boxed elementor-section-height-default elementor-section-height-default\" data-id=\"d203f93\" data-element_type=\"section\" data-e-type=\"section\">\n\t\t\t\t\t\t<div class=\"elementor-container elementor-column-gap-default\">\n\t\t\t\t\t<div class=\"elementor-column elementor-col-100 elementor-top-column elementor-element elementor-element-85a8a51\" data-id=\"85a8a51\" data-element_type=\"column\" data-e-type=\"column\">\n\t\t\t<div class=\"elementor-widget-wrap elementor-element-populated\">\n\t\t\t\t\t\t<div class=\"elementor-element elementor-element-e41daaa elementor-widget elementor-widget-heading\" data-id=\"e41daaa\" data-element_type=\"widget\" data-e-type=\"widget\" data-widget_type=\"heading.default\">\n\t\t\t\t<div class=\"elementor-widget-container\">\n\t\t\t\t\t<h2 class=\"elementor-heading-title elementor-size-default\">Este video es un primer paso hacia un Mundo donde los ni\u00f1os entienden su cuerpo, se conectan con la Naturaleza\nY despiertan su poder interior Reg\u00e1lales esta experiencia: Aprender jugando, \nanando y creciendo.<\/h2>\t\t\t\t<\/div>\n\t\t\t\t<\/div>\n\t\t\t\t<div class=\"elementor-element elementor-element-124a423 elementor-widget-divider--view-line elementor-widget elementor-widget-divider\" data-id=\"124a423\" data-element_type=\"widget\" data-e-type=\"widget\" data-widget_type=\"divider.default\">\n\t\t\t\t<div class=\"elementor-widget-container\">\n\t\t\t\t\t\t\t<div class=\"elementor-divider\">\n\t\t\t<span class=\"elementor-divider-separator\">\n\t\t\t\t\t\t<\/span>\n\t\t<\/div>\n\t\t\t\t\t\t<\/div>\n\t\t\t\t<\/div>\n\t\t\t\t\t<\/div>\n\t\t<\/div>\n\t\t\t\t\t<\/div>\n\t\t<\/section>\n\t\t\t\t<\/div>\n\t\t","protected":false},"excerpt":{"rendered":"<p>\u00bfCu\u00e1nto cobro por una sesi\u00f3n? La pregunta del mill\u00f3n\u2026 \u00a1y una de las m\u00e1s comunes en mis clases! http:\/\/biomagnetismoficial.com\/bioword\/wp-content\/uploads\/2025\/05\/WhatsApp-Video-2025-04-30-at-21.03.40.mp4 En este video no solo te doy una orientaci\u00f3n clara y pr\u00e1ctica, sino que tambi\u00e9n te comparto c\u00f3mo pensar tu trabajo &hellip; <a href=\"https:\/\/biomagnetismoficial.com\/bioword\/cursos\/\">Sigue leyendo <span class=\"meta-nav\">&rarr;<\/span><\/a><\/p>\n","protected":false},"author":2,"featured_media":0,"parent":0,"menu_order":0,"comment_status":"closed","ping_status":"closed","template":"","meta":{"footnotes":""},"class_list":["post-1023","page","type-page","status-publish","hentry"],"yoast_head":"<!-- This site is optimized with the Yoast SEO plugin v27.4 - https:\/\/yoast.com\/product\/yoast-seo-wordpress\/ -->\n<title>Cursos - Biomagnetismo Oficial<\/title>\n<meta name=\"robots\" content=\"index, follow, max-snippet:-1, max-image-preview:large, max-video-preview:-1\" \/>\n<link rel=\"canonical\" href=\"https:\/\/biomagnetismoficial.com\/bioword\/cursos\/\" \/>\n<meta property=\"og:locale\" content=\"es_ES\" \/>\n<meta property=\"og:type\" content=\"article\" \/>\n<meta property=\"og:title\" content=\"Cursos - Biomagnetismo Oficial\" \/>\n<meta property=\"og:description\" content=\"\u00bfCu\u00e1nto cobro por una sesi\u00f3n? La pregunta del mill\u00f3n\u2026 \u00a1y una de las m\u00e1s comunes en mis clases! http:\/\/biomagnetismoficial.com\/bioword\/wp-content\/uploads\/2025\/05\/WhatsApp-Video-2025-04-30-at-21.03.40.mp4 En este video no solo te doy una orientaci\u00f3n clara y pr\u00e1ctica, sino que tambi\u00e9n te comparto c\u00f3mo pensar tu trabajo &hellip; Sigue leyendo &rarr;\" \/>\n<meta property=\"og:url\" content=\"https:\/\/biomagnetismoficial.com\/bioword\/cursos\/\" \/>\n<meta property=\"og:site_name\" content=\"Biomagnetismo Oficial\" \/>\n<meta property=\"article:modified_time\" content=\"2025-05-05T15:48:37+00:00\" \/>\n<meta name=\"twitter:card\" content=\"summary_large_image\" \/>\n<meta name=\"twitter:label1\" content=\"Tiempo de lectura\" \/>\n\t<meta name=\"twitter:data1\" content=\"1 minuto\" \/>\n<script type=\"application\/ld+json\" class=\"yoast-schema-graph\">{\"@context\":\"https:\\\/\\\/schema.org\",\"@graph\":[{\"@type\":\"WebPage\",\"@id\":\"https:\\\/\\\/biomagnetismoficial.com\\\/bioword\\\/cursos\\\/\",\"url\":\"https:\\\/\\\/biomagnetismoficial.com\\\/bioword\\\/cursos\\\/\",\"name\":\"Cursos - Biomagnetismo Oficial\",\"isPartOf\":{\"@id\":\"https:\\\/\\\/biomagnetismoficial.com\\\/bioword\\\/#website\"},\"datePublished\":\"2025-05-05T15:25:32+00:00\",\"dateModified\":\"2025-05-05T15:48:37+00:00\",\"breadcrumb\":{\"@id\":\"https:\\\/\\\/biomagnetismoficial.com\\\/bioword\\\/cursos\\\/#breadcrumb\"},\"inLanguage\":\"es\",\"potentialAction\":[{\"@type\":\"ReadAction\",\"target\":[\"https:\\\/\\\/biomagnetismoficial.com\\\/bioword\\\/cursos\\\/\"]}]},{\"@type\":\"BreadcrumbList\",\"@id\":\"https:\\\/\\\/biomagnetismoficial.com\\\/bioword\\\/cursos\\\/#breadcrumb\",\"itemListElement\":[{\"@type\":\"ListItem\",\"position\":1,\"name\":\"Portada\",\"item\":\"https:\\\/\\\/biomagnetismoficial.com\\\/bioword\\\/\"},{\"@type\":\"ListItem\",\"position\":2,\"name\":\"Cursos\"}]},{\"@type\":\"WebSite\",\"@id\":\"https:\\\/\\\/biomagnetismoficial.com\\\/bioword\\\/#website\",\"url\":\"https:\\\/\\\/biomagnetismoficial.com\\\/bioword\\\/\",\"name\":\"Biomagnetismo Oficial\",\"description\":\"Terapia natural que puede tratar todas las enfermedades\",\"potentialAction\":[{\"@type\":\"SearchAction\",\"target\":{\"@type\":\"EntryPoint\",\"urlTemplate\":\"https:\\\/\\\/biomagnetismoficial.com\\\/bioword\\\/?s={search_term_string}\"},\"query-input\":{\"@type\":\"PropertyValueSpecification\",\"valueRequired\":true,\"valueName\":\"search_term_string\"}}],\"inLanguage\":\"es\"}]}<\/script>\n<!-- \/ Yoast SEO plugin. -->","yoast_head_json":{"title":"Cursos - Biomagnetismo Oficial","robots":{"index":"index","follow":"follow","max-snippet":"max-snippet:-1","max-image-preview":"max-image-preview:large","max-video-preview":"max-video-preview:-1"},"canonical":"https:\/\/biomagnetismoficial.com\/bioword\/cursos\/","og_locale":"es_ES","og_type":"article","og_title":"Cursos - Biomagnetismo Oficial","og_description":"\u00bfCu\u00e1nto cobro por una sesi\u00f3n? La pregunta del mill\u00f3n\u2026 \u00a1y una de las m\u00e1s comunes en mis clases! http:\/\/biomagnetismoficial.com\/bioword\/wp-content\/uploads\/2025\/05\/WhatsApp-Video-2025-04-30-at-21.03.40.mp4 En este video no solo te doy una orientaci\u00f3n clara y pr\u00e1ctica, sino que tambi\u00e9n te comparto c\u00f3mo pensar tu trabajo &hellip; Sigue leyendo &rarr;","og_url":"https:\/\/biomagnetismoficial.com\/bioword\/cursos\/","og_site_name":"Biomagnetismo Oficial","article_modified_time":"2025-05-05T15:48:37+00:00","twitter_card":"summary_large_image","twitter_misc":{"Tiempo de lectura":"1 minuto"},"schema":{"@context":"https:\/\/schema.org","@graph":[{"@type":"WebPage","@id":"https:\/\/biomagnetismoficial.com\/bioword\/cursos\/","url":"https:\/\/biomagnetismoficial.com\/bioword\/cursos\/","name":"Cursos - Biomagnetismo Oficial","isPartOf":{"@id":"https:\/\/biomagnetismoficial.com\/bioword\/#website"},"datePublished":"2025-05-05T15:25:32+00:00","dateModified":"2025-05-05T15:48:37+00:00","breadcrumb":{"@id":"https:\/\/biomagnetismoficial.com\/bioword\/cursos\/#breadcrumb"},"inLanguage":"es","potentialAction":[{"@type":"ReadAction","target":["https:\/\/biomagnetismoficial.com\/bioword\/cursos\/"]}]},{"@type":"BreadcrumbList","@id":"https:\/\/biomagnetismoficial.com\/bioword\/cursos\/#breadcrumb","itemListElement":[{"@type":"ListItem","position":1,"name":"Portada","item":"https:\/\/biomagnetismoficial.com\/bioword\/"},{"@type":"ListItem","position":2,"name":"Cursos"}]},{"@type":"WebSite","@id":"https:\/\/biomagnetismoficial.com\/bioword\/#website","url":"https:\/\/biomagnetismoficial.com\/bioword\/","name":"Biomagnetismo Oficial","description":"Terapia natural que puede tratar todas las enfermedades","potentialAction":[{"@type":"SearchAction","target":{"@type":"EntryPoint","urlTemplate":"https:\/\/biomagnetismoficial.com\/bioword\/?s={search_term_string}"},"query-input":{"@type":"PropertyValueSpecification","valueRequired":true,"valueName":"search_term_string"}}],"inLanguage":"es"}]}},"jetpack_sharing_enabled":true,"_links":{"self":[{"href":"https:\/\/biomagnetismoficial.com\/bioword\/wp-json\/wp\/v2\/pages\/1023","targetHints":{"allow":["GET"]}}],"collection":[{"href":"https:\/\/biomagnetismoficial.com\/bioword\/wp-json\/wp\/v2\/pages"}],"about":[{"href":"https:\/\/biomagnetismoficial.com\/bioword\/wp-json\/wp\/v2\/types\/page"}],"author":[{"embeddable":true,"href":"https:\/\/biomagnetismoficial.com\/bioword\/wp-json\/wp\/v2\/users\/2"}],"replies":[{"embeddable":true,"href":"https:\/\/biomagnetismoficial.com\/bioword\/wp-json\/wp\/v2\/comments?post=1023"}],"version-history":[{"count":10,"href":"https:\/\/biomagnetismoficial.com\/bioword\/wp-json\/wp\/v2\/pages\/1023\/revisions"}],"predecessor-version":[{"id":1042,"href":"https:\/\/biomagnetismoficial.com\/bioword\/wp-json\/wp\/v2\/pages\/1023\/revisions\/1042"}],"wp:attachment":[{"href":"https:\/\/biomagnetismoficial.com\/bioword\/wp-json\/wp\/v2\/media?parent=1023"}],"curies":[{"name":"wp","href":"https:\/\/api.w.org\/{rel}","templated":true}]}}