{"id":93,"date":"2023-01-15T04:16:39","date_gmt":"2023-01-15T04:16:39","guid":{"rendered":"http:\/\/biomagnetismoficial.com\/bioword\/?page_id=93"},"modified":"2023-03-17T14:03:31","modified_gmt":"2023-03-17T14:03:31","slug":"juan-jose-gatto","status":"publish","type":"page","link":"https:\/\/biomagnetismoficial.com\/bioword\/","title":{"rendered":"Juan Jos\u00e9 Gatto"},"content":{"rendered":"\t\t<div data-elementor-type=\"wp-page\" data-elementor-id=\"93\" class=\"elementor elementor-93\">\n\t\t\t\t\t\t<section class=\"elementor-section elementor-top-section elementor-element elementor-element-691c859 elementor-section-boxed elementor-section-height-default elementor-section-height-default\" data-id=\"691c859\" data-element_type=\"section\" data-e-type=\"section\">\n\t\t\t\t\t\t<div class=\"elementor-container elementor-column-gap-default\">\n\t\t\t\t\t<div class=\"elementor-column elementor-col-100 elementor-top-column elementor-element elementor-element-b64e0c8\" data-id=\"b64e0c8\" data-element_type=\"column\" data-e-type=\"column\">\n\t\t\t<div class=\"elementor-widget-wrap elementor-element-populated\">\n\t\t\t\t\t\t<div class=\"elementor-element elementor-element-2de0286 elementor-widget elementor-widget-text-editor\" data-id=\"2de0286\" data-element_type=\"widget\" data-e-type=\"widget\" data-widget_type=\"text-editor.default\">\n\t\t\t\t<div class=\"elementor-widget-container\">\n\t\t\t\t\t\t\t\t\t<p><span style=\"font-size: 15px; color: var( --e-global-color-text );\">Es Terapista Certificado en Biomagnetismo por el Centro de Biomagnetismo Medicinal de Quito, Ecuador, dirigido por el Dr. Jorge Mena Flores y el aval de la Escuela de Biomagnetismo del Dr. Isaac Goiz.(M\u00e9xico)<\/span><br><\/p>\n<p>Hace m\u00e1s de 15 a\u00f1os est\u00e1 dedicado al trabajo, investigaci\u00f3n y difusi\u00f3n del Biomagnetismo, habiendo desarrollado gran parte de su labor en&nbsp; Quito.<\/p>\n<p>Actualmente, radicado en Buenos Aires, trabaja con la clara intenci\u00f3n de difundir el Biomagnetismo, como la ciencia que estudia los campos magn\u00e9ticos que se generan en los seres vivos.<\/p>\n<p>Desde el 2020 ha sido incluido como representante por Argentina en la IABB (International Association of Biomagnetism and Bioenergetic) con sede el Estados Unidos<\/p>\n<div><br><\/div>\t\t\t\t\t\t\t\t<\/div>\n\t\t\t\t<\/div>\n\t\t\t\t\t<\/div>\n\t\t<\/div>\n\t\t\t\t\t<\/div>\n\t\t<\/section>\n\t\t\t\t<section class=\"elementor-section elementor-top-section elementor-element elementor-element-6b2bf36 elementor-section-boxed elementor-section-height-default elementor-section-height-default\" data-id=\"6b2bf36\" data-element_type=\"section\" data-e-type=\"section\">\n\t\t\t\t\t\t<div class=\"elementor-container elementor-column-gap-default\">\n\t\t\t\t\t<div class=\"elementor-column elementor-col-100 elementor-top-column elementor-element elementor-element-effc13b\" data-id=\"effc13b\" data-element_type=\"column\" data-e-type=\"column\">\n\t\t\t<div class=\"elementor-widget-wrap elementor-element-populated\">\n\t\t\t\t\t\t<div class=\"elementor-element elementor-element-628041f elementor-widget-divider--view-line elementor-widget elementor-widget-divider\" data-id=\"628041f\" data-element_type=\"widget\" data-e-type=\"widget\" data-widget_type=\"divider.default\">\n\t\t\t\t<div class=\"elementor-widget-container\">\n\t\t\t\t\t\t\t<div class=\"elementor-divider\">\n\t\t\t<span class=\"elementor-divider-separator\">\n\t\t\t\t\t\t<\/span>\n\t\t<\/div>\n\t\t\t\t\t\t<\/div>\n\t\t\t\t<\/div>\n\t\t\t\t<div class=\"elementor-element elementor-element-bce8b4c elementor-shape-rounded elementor-grid-0 e-grid-align-center elementor-widget elementor-widget-social-icons\" data-id=\"bce8b4c\" data-element_type=\"widget\" data-e-type=\"widget\" data-widget_type=\"social-icons.default\">\n\t\t\t\t<div class=\"elementor-widget-container\">\n\t\t\t\t\t\t\t<div class=\"elementor-social-icons-wrapper elementor-grid\" role=\"list\">\n\t\t\t\t\t\t\t<span class=\"elementor-grid-item\" role=\"listitem\">\n\t\t\t\t\t<a class=\"elementor-icon elementor-social-icon elementor-social-icon-facebook elementor-repeater-item-372738c\" href=\"https:\/\/www.facebook.com\/Bioficialargentina\" target=\"_blank\">\n\t\t\t\t\t\t<span class=\"elementor-screen-only\">Facebook<\/span>\n\t\t\t\t\t\t<i aria-hidden=\"true\" class=\"fab fa-facebook\"><\/i>\t\t\t\t\t<\/a>\n\t\t\t\t<\/span>\n\t\t\t\t\t\t\t<span class=\"elementor-grid-item\" role=\"listitem\">\n\t\t\t\t\t<a class=\"elementor-icon elementor-social-icon elementor-social-icon-youtube elementor-repeater-item-7cd56b1\" href=\"https:\/\/www.youtube.com\/@juangattotrimboli1333\" target=\"_blank\">\n\t\t\t\t\t\t<span class=\"elementor-screen-only\">Youtube<\/span>\n\t\t\t\t\t\t<i aria-hidden=\"true\" class=\"fab fa-youtube\"><\/i>\t\t\t\t\t<\/a>\n\t\t\t\t<\/span>\n\t\t\t\t\t\t\t<span class=\"elementor-grid-item\" role=\"listitem\">\n\t\t\t\t\t<a class=\"elementor-icon elementor-social-icon elementor-social-icon-instagram elementor-repeater-item-d09c9cb\" href=\"https:\/\/www.instagram.com\/biomagnetismoargentinaoficial\/\" target=\"_blank\">\n\t\t\t\t\t\t<span class=\"elementor-screen-only\">Instagram<\/span>\n\t\t\t\t\t\t<i aria-hidden=\"true\" class=\"fab fa-instagram\"><\/i>\t\t\t\t\t<\/a>\n\t\t\t\t<\/span>\n\t\t\t\t\t\t\t<span class=\"elementor-grid-item\" role=\"listitem\">\n\t\t\t\t\t<a class=\"elementor-icon elementor-social-icon elementor-social-icon-envelope elementor-repeater-item-493e301\" href=\"mailto:%20info@biomagnetismoficial.com\" target=\"_blank\">\n\t\t\t\t\t\t<span class=\"elementor-screen-only\">Envelope<\/span>\n\t\t\t\t\t\t<i aria-hidden=\"true\" class=\"far fa-envelope\"><\/i>\t\t\t\t\t<\/a>\n\t\t\t\t<\/span>\n\t\t\t\t\t<\/div>\n\t\t\t\t\t\t<\/div>\n\t\t\t\t<\/div>\n\t\t\t\t<div class=\"elementor-element elementor-element-42adb63 elementor-widget elementor-widget-text-editor\" data-id=\"42adb63\" data-element_type=\"widget\" data-e-type=\"widget\" data-widget_type=\"text-editor.default\">\n\t\t\t\t<div class=\"elementor-widget-container\">\n\t\t\t\t\t\t\t\t\t<p>Servicios ofrecidos:<\/p><ul><li><span style=\"font-family: Roboto, sans-serif; font-size: 15px; font-style: normal; font-weight: 400; white-space: pre-wrap;\">Sesiones Individuales<\/span><\/li><li><span style=\"font-family: Roboto, sans-serif; font-size: 15px; font-style: normal; font-weight: 400; text-align: center; white-space: pre-wrap;\">Cursos de Formaci\u00f3n Profesional.<\/span><\/li><li><span style=\"font-family: Roboto, sans-serif; font-size: 15px; font-style: normal; font-weight: 400; text-align: center; white-space: pre-wrap;\">Cursos de Asistencia para T\u00e9cnicos.<\/span><\/li><li><span style=\"font-family: Roboto, sans-serif; font-size: 15px; font-style: normal; font-weight: 400; text-align: center; white-space: pre-wrap;\">Charlas y conferencias<\/span><\/li><\/ul>\t\t\t\t\t\t\t\t<\/div>\n\t\t\t\t<\/div>\n\t\t\t\t\t<\/div>\n\t\t<\/div>\n\t\t\t\t\t<\/div>\n\t\t<\/section>\n\t\t\t\t<section class=\"elementor-section elementor-top-section elementor-element elementor-element-d1df37d elementor-section-boxed elementor-section-height-default elementor-section-height-default\" data-id=\"d1df37d\" data-element_type=\"section\" data-e-type=\"section\">\n\t\t\t\t\t\t<div class=\"elementor-container elementor-column-gap-default\">\n\t\t\t\t\t<div class=\"elementor-column elementor-col-100 elementor-top-column elementor-element elementor-element-9be3239\" data-id=\"9be3239\" data-element_type=\"column\" data-e-type=\"column\">\n\t\t\t<div class=\"elementor-widget-wrap elementor-element-populated\">\n\t\t\t\t\t\t<div class=\"elementor-element elementor-element-ece6af2 elementor-position-top elementor-widget elementor-widget-image-box\" data-id=\"ece6af2\" data-element_type=\"widget\" data-e-type=\"widget\" data-widget_type=\"image-box.default\">\n\t\t\t\t<div class=\"elementor-widget-container\">\n\t\t\t\t\t<div class=\"elementor-image-box-wrapper\"><figure class=\"elementor-image-box-img\"><img decoding=\"async\" width=\"279\" height=\"101\" src=\"http:\/\/biomagnetismoficial.com\/bioword\/wp-content\/uploads\/2023\/01\/cropped-logo2_iabb-1.png\" class=\"attachment-full size-full wp-image-249\" alt=\"\" \/><\/figure><div class=\"elementor-image-box-content\"><h3 class=\"elementor-image-box-title\">juan jos\u00e9 gatto miembro de IABB<\/h3><p class=\"elementor-image-box-description\">Tel\u00e9fono de contacto: +549-11-5700-8141<\/p><\/div><\/div>\t\t\t\t<\/div>\n\t\t\t\t<\/div>\n\t\t\t\t\t<\/div>\n\t\t<\/div>\n\t\t\t\t\t<\/div>\n\t\t<\/section>\n\t\t\t\t<\/div>\n\t\t","protected":false},"excerpt":{"rendered":"<p>Es Terapista Certificado en Biomagnetismo por el Centro de Biomagnetismo Medicinal de Quito, Ecuador, dirigido por el Dr. Jorge Mena Flores y el aval de la Escuela de Biomagnetismo del Dr. Isaac Goiz.(M\u00e9xico) Hace m\u00e1s de 15 a\u00f1os est\u00e1 dedicado &hellip; <a href=\"https:\/\/biomagnetismoficial.com\/bioword\/\">Sigue leyendo <span class=\"meta-nav\">&rarr;<\/span><\/a><\/p>\n","protected":false},"author":2,"featured_media":0,"parent":0,"menu_order":0,"comment_status":"closed","ping_status":"closed","template":"","meta":{"footnotes":""},"class_list":["post-93","page","type-page","status-publish","hentry"],"yoast_head":"<!-- This site is optimized with the Yoast SEO plugin v27.4 - https:\/\/yoast.com\/product\/yoast-seo-wordpress\/ -->\n<title>Juan Jos\u00e9 Gatto - Biomagnetismo Oficial<\/title>\n<meta name=\"description\" content=\"Biomagnetismo Terapia natural que puede tratar todas las enfermedades imanes campo magn\u00e9tico par biomagnetico\" \/>\n<meta name=\"robots\" content=\"index, follow, max-snippet:-1, max-image-preview:large, max-video-preview:-1\" \/>\n<link rel=\"canonical\" href=\"https:\/\/biomagnetismoficial.com\/bioword\/\" \/>\n<meta property=\"og:locale\" content=\"es_ES\" \/>\n<meta property=\"og:type\" content=\"article\" \/>\n<meta property=\"og:title\" content=\"Juan Jos\u00e9 Gatto - Biomagnetismo Oficial\" \/>\n<meta property=\"og:description\" content=\"Biomagnetismo Terapia natural que puede tratar todas las enfermedades imanes campo magn\u00e9tico par biomagnetico\" \/>\n<meta property=\"og:url\" content=\"https:\/\/biomagnetismoficial.com\/bioword\/\" \/>\n<meta property=\"og:site_name\" content=\"Biomagnetismo Oficial\" \/>\n<meta property=\"article:modified_time\" content=\"2023-03-17T14:03:31+00:00\" \/>\n<meta property=\"og:image\" content=\"https:\/\/biomagnetismoficial.com\/bioword\/wp-content\/uploads\/2023\/01\/cropped-logo2_iabb-1.png\" \/>\n<meta name=\"twitter:card\" content=\"summary_large_image\" \/>\n<meta name=\"twitter:label1\" content=\"Tiempo de lectura\" \/>\n\t<meta name=\"twitter:data1\" content=\"1 minuto\" \/>\n<script type=\"application\/ld+json\" class=\"yoast-schema-graph\">{\"@context\":\"https:\\\/\\\/schema.org\",\"@graph\":[{\"@type\":\"WebPage\",\"@id\":\"https:\\\/\\\/biomagnetismoficial.com\\\/bioword\\\/\",\"url\":\"https:\\\/\\\/biomagnetismoficial.com\\\/bioword\\\/\",\"name\":\"Juan Jos\u00e9 Gatto - Biomagnetismo Oficial\",\"isPartOf\":{\"@id\":\"https:\\\/\\\/biomagnetismoficial.com\\\/bioword\\\/#website\"},\"primaryImageOfPage\":{\"@id\":\"https:\\\/\\\/biomagnetismoficial.com\\\/bioword\\\/#primaryimage\"},\"image\":{\"@id\":\"https:\\\/\\\/biomagnetismoficial.com\\\/bioword\\\/#primaryimage\"},\"thumbnailUrl\":\"http:\\\/\\\/biomagnetismoficial.com\\\/bioword\\\/wp-content\\\/uploads\\\/2023\\\/01\\\/cropped-logo2_iabb-1.png\",\"datePublished\":\"2023-01-15T04:16:39+00:00\",\"dateModified\":\"2023-03-17T14:03:31+00:00\",\"description\":\"Biomagnetismo Terapia natural que puede tratar todas las enfermedades imanes campo magn\u00e9tico par biomagnetico\",\"breadcrumb\":{\"@id\":\"https:\\\/\\\/biomagnetismoficial.com\\\/bioword\\\/#breadcrumb\"},\"inLanguage\":\"es\",\"potentialAction\":[{\"@type\":\"ReadAction\",\"target\":[\"https:\\\/\\\/biomagnetismoficial.com\\\/bioword\\\/\"]}]},{\"@type\":\"ImageObject\",\"inLanguage\":\"es\",\"@id\":\"https:\\\/\\\/biomagnetismoficial.com\\\/bioword\\\/#primaryimage\",\"url\":\"https:\\\/\\\/biomagnetismoficial.com\\\/bioword\\\/wp-content\\\/uploads\\\/2023\\\/01\\\/cropped-logo2_iabb-1.png\",\"contentUrl\":\"https:\\\/\\\/biomagnetismoficial.com\\\/bioword\\\/wp-content\\\/uploads\\\/2023\\\/01\\\/cropped-logo2_iabb-1.png\",\"width\":279,\"height\":101},{\"@type\":\"BreadcrumbList\",\"@id\":\"https:\\\/\\\/biomagnetismoficial.com\\\/bioword\\\/#breadcrumb\",\"itemListElement\":[{\"@type\":\"ListItem\",\"position\":1,\"name\":\"Portada\",\"item\":\"https:\\\/\\\/biomagnetismoficial.com\\\/bioword\\\/\"},{\"@type\":\"ListItem\",\"position\":2,\"name\":\"Juan Jos\u00e9 Gatto\"}]},{\"@type\":\"WebSite\",\"@id\":\"https:\\\/\\\/biomagnetismoficial.com\\\/bioword\\\/#website\",\"url\":\"https:\\\/\\\/biomagnetismoficial.com\\\/bioword\\\/\",\"name\":\"Biomagnetismo Oficial\",\"description\":\"Terapia natural que puede tratar todas las enfermedades\",\"potentialAction\":[{\"@type\":\"SearchAction\",\"target\":{\"@type\":\"EntryPoint\",\"urlTemplate\":\"https:\\\/\\\/biomagnetismoficial.com\\\/bioword\\\/?s={search_term_string}\"},\"query-input\":{\"@type\":\"PropertyValueSpecification\",\"valueRequired\":true,\"valueName\":\"search_term_string\"}}],\"inLanguage\":\"es\"}]}<\/script>\n<!-- \/ Yoast SEO plugin. -->","yoast_head_json":{"title":"Juan Jos\u00e9 Gatto - Biomagnetismo Oficial","description":"Biomagnetismo Terapia natural que puede tratar todas las enfermedades imanes campo magn\u00e9tico par biomagnetico","robots":{"index":"index","follow":"follow","max-snippet":"max-snippet:-1","max-image-preview":"max-image-preview:large","max-video-preview":"max-video-preview:-1"},"canonical":"https:\/\/biomagnetismoficial.com\/bioword\/","og_locale":"es_ES","og_type":"article","og_title":"Juan Jos\u00e9 Gatto - Biomagnetismo Oficial","og_description":"Biomagnetismo Terapia natural que puede tratar todas las enfermedades imanes campo magn\u00e9tico par biomagnetico","og_url":"https:\/\/biomagnetismoficial.com\/bioword\/","og_site_name":"Biomagnetismo Oficial","article_modified_time":"2023-03-17T14:03:31+00:00","og_image":[{"url":"https:\/\/biomagnetismoficial.com\/bioword\/wp-content\/uploads\/2023\/01\/cropped-logo2_iabb-1.png","type":"","width":"","height":""}],"twitter_card":"summary_large_image","twitter_misc":{"Tiempo de lectura":"1 minuto"},"schema":{"@context":"https:\/\/schema.org","@graph":[{"@type":"WebPage","@id":"https:\/\/biomagnetismoficial.com\/bioword\/","url":"https:\/\/biomagnetismoficial.com\/bioword\/","name":"Juan Jos\u00e9 Gatto - Biomagnetismo Oficial","isPartOf":{"@id":"https:\/\/biomagnetismoficial.com\/bioword\/#website"},"primaryImageOfPage":{"@id":"https:\/\/biomagnetismoficial.com\/bioword\/#primaryimage"},"image":{"@id":"https:\/\/biomagnetismoficial.com\/bioword\/#primaryimage"},"thumbnailUrl":"http:\/\/biomagnetismoficial.com\/bioword\/wp-content\/uploads\/2023\/01\/cropped-logo2_iabb-1.png","datePublished":"2023-01-15T04:16:39+00:00","dateModified":"2023-03-17T14:03:31+00:00","description":"Biomagnetismo Terapia natural que puede tratar todas las enfermedades imanes campo magn\u00e9tico par biomagnetico","breadcrumb":{"@id":"https:\/\/biomagnetismoficial.com\/bioword\/#breadcrumb"},"inLanguage":"es","potentialAction":[{"@type":"ReadAction","target":["https:\/\/biomagnetismoficial.com\/bioword\/"]}]},{"@type":"ImageObject","inLanguage":"es","@id":"https:\/\/biomagnetismoficial.com\/bioword\/#primaryimage","url":"https:\/\/biomagnetismoficial.com\/bioword\/wp-content\/uploads\/2023\/01\/cropped-logo2_iabb-1.png","contentUrl":"https:\/\/biomagnetismoficial.com\/bioword\/wp-content\/uploads\/2023\/01\/cropped-logo2_iabb-1.png","width":279,"height":101},{"@type":"BreadcrumbList","@id":"https:\/\/biomagnetismoficial.com\/bioword\/#breadcrumb","itemListElement":[{"@type":"ListItem","position":1,"name":"Portada","item":"https:\/\/biomagnetismoficial.com\/bioword\/"},{"@type":"ListItem","position":2,"name":"Juan Jos\u00e9 Gatto"}]},{"@type":"WebSite","@id":"https:\/\/biomagnetismoficial.com\/bioword\/#website","url":"https:\/\/biomagnetismoficial.com\/bioword\/","name":"Biomagnetismo Oficial","description":"Terapia natural que puede tratar todas las enfermedades","potentialAction":[{"@type":"SearchAction","target":{"@type":"EntryPoint","urlTemplate":"https:\/\/biomagnetismoficial.com\/bioword\/?s={search_term_string}"},"query-input":{"@type":"PropertyValueSpecification","valueRequired":true,"valueName":"search_term_string"}}],"inLanguage":"es"}]}},"jetpack_sharing_enabled":true,"_links":{"self":[{"href":"https:\/\/biomagnetismoficial.com\/bioword\/wp-json\/wp\/v2\/pages\/93","targetHints":{"allow":["GET"]}}],"collection":[{"href":"https:\/\/biomagnetismoficial.com\/bioword\/wp-json\/wp\/v2\/pages"}],"about":[{"href":"https:\/\/biomagnetismoficial.com\/bioword\/wp-json\/wp\/v2\/types\/page"}],"author":[{"embeddable":true,"href":"https:\/\/biomagnetismoficial.com\/bioword\/wp-json\/wp\/v2\/users\/2"}],"replies":[{"embeddable":true,"href":"https:\/\/biomagnetismoficial.com\/bioword\/wp-json\/wp\/v2\/comments?post=93"}],"version-history":[{"count":75,"href":"https:\/\/biomagnetismoficial.com\/bioword\/wp-json\/wp\/v2\/pages\/93\/revisions"}],"predecessor-version":[{"id":423,"href":"https:\/\/biomagnetismoficial.com\/bioword\/wp-json\/wp\/v2\/pages\/93\/revisions\/423"}],"wp:attachment":[{"href":"https:\/\/biomagnetismoficial.com\/bioword\/wp-json\/wp\/v2\/media?parent=93"}],"curies":[{"name":"wp","href":"https:\/\/api.w.org\/{rel}","templated":true}]}}